{"id":1269,"date":"2023-01-19T10:41:01","date_gmt":"2023-01-19T10:41:01","guid":{"rendered":"https:\/\/osteriafrancescana.it\/faq\/"},"modified":"2026-03-05T11:13:56","modified_gmt":"2026-03-05T11:13:56","slug":"faq","status":"publish","type":"page","link":"https:\/\/osteriafrancescana.it\/it\/faq\/","title":{"rendered":"Faq"},"content":{"rendered":"\n\n\n<!-- Slider -->\n\n<div class=\"blocco-slider-testo-container\">\n  <div class=\"carousel-slider-testo slider-testo\" data-flickity='{ \"draggable\": true , \"autoPlay\": 5000 , \"fade\": true , \"prevNextButtons\": false , \"pauseAutoPlayOnHover\": false, \"wrapAround\": true }'>\n\n  <!-- cell -->\n      \n    <div class=\"carousel-cell-slider-testo\" style=\"background-image:url(https:\/\/osteriafrancescana.it\/wp-content\/uploads\/2023\/07\/220503_OF_Sueo_PDS_077.jpg);\">\n      <a class=\"blocco-slider-testo-lightbox\" href=\"https:\/\/osteriafrancescana.it\/wp-content\/uploads\/2023\/07\/220503_OF_Sueo_PDS_077.jpg\" data-lightbox=\"slider-lightbox\"><\/a>\n    <\/div>\n  \n  <\/div> <!-- fine carousel -->\n\n  <!-- JSX -->\n  <div class=\"blocco-slider-testo\" >\n    \n\n<div class=\"wp-block-group is-layout-flow wp-block-group-is-layout-flow\"><\/div>\n\n\n\n    \n\n\n\n  <\/div>\n\n  \n\n<\/div>\n\n\n\n\n\n\n\n\n\n<div class=\"wp-block-group has-colore-quattro-background-color has-background has-global-padding is-content-justification-center is-layout-constrained wp-block-group-is-layout-constrained\" style=\"padding-top:60px;padding-bottom:60px\">    <h1 class=\"blocco-contenuto-titolo has-colore-due-color has-titolo-standard-font-size\">FAQ<\/h1>\n\n    \n\n\n\n\n\n<\/div>\n\n\n\n<div class=\"wp-block-columns is-layout-flex wp-container-core-columns-is-layout-28f84493 wp-block-columns-is-layout-flex\">\n<div class=\"wp-block-column is-layout-flow wp-block-column-is-layout-flow\" style=\"flex-basis:10%\"><\/div>\n\n\n\n<div class=\"wp-block-column is-layout-flow wp-block-column-is-layout-flow\" style=\"flex-basis:80%\">\n<div class=\"wp-block-group has-global-padding is-layout-constrained wp-block-group-is-layout-constrained\" style=\"padding-top:80px\">        \n          <div class=\"bottura-accordion-container\">\n          \n          <label class=\"bottura-accordion bottura-accordion-titolo has-paragrafo-font-size\"> Come prenotare?<\/label>\n            <div class=\"bottura-accordion-panel\">\n              <p class=\"has-paragrafo-font-size\">Le prenotazioni possono essere effettuate esclusivamente tramite il nostro sito internet nell\u2019<a href=\"https:\/\/osteriafrancescana.it\/reservations\/\" target=\"_blank\" rel=\"noopener\"><span style=\"text-decoration: underline;\">apposita sezione<\/span><\/a>. Il calendario \u00e8 sempre aggiornato in tempo reale con le effettive disponibilit\u00e0 del ristorante e nel caso in cui fossimo al completo, avrete la possibilit\u00e0 di aggiungervi in lista d\u2019attesa.\n<\/p>\n            <\/div>\n          \n        <\/div>\n        \n            \n          <div class=\"bottura-accordion-container\">\n          \n          <label class=\"bottura-accordion bottura-accordion-titolo has-paragrafo-font-size\">E&#8217; necessaria una carta di credito per prenotare?<\/label>\n            <div class=\"bottura-accordion-panel\">\n              <p class=\"has-paragrafo-font-size\"><strong>E&#8217; necessaria una carta di credito per garantire la prenotazione.<\/strong>\nNon verr\u00e0 effettuato nessun addebito al momento della prenotazione.\n<b>Quattro giorni prima della vostra visita<\/b><span style=\"font-weight: 400;\">, verr\u00e0 effettuata una trattenuta provvisoria sulla carta di credito fornita a garanzia per un importo di 300 euro a persona. <\/span><b>Questa operazione serve esclusivamente a garantire la prenotazione e non verr\u00e0 effettuato alcun addebito sul vostro conto<\/b><span style=\"font-weight: 400;\">. Il blocco verr\u00e0 rilasciato subito dopo la visita e la disponibilit\u00e0 dei fondi dipender\u00e0 dai tempi di elaborazione della vostra banca.<\/span>\n<span class=\"editor-wysiwyg-spazio\"><\/span>\n<\/p>\n            <\/div>\n          \n        <\/div>\n        \n            \n          <div class=\"bottura-accordion-container\">\n          \n          <label class=\"bottura-accordion bottura-accordion-titolo has-paragrafo-font-size\">Per quante persone posso prenotare?<\/label>\n            <div class=\"bottura-accordion-panel\">\n              <p class=\"has-paragrafo-font-size\">\u00c8 possibile effettuare una prenotazione da due persone fino a un massimo di dieci.<br \/>\nSono disponibili prenotazioni per single diners in <a href=\"https:\/\/casamarialuigia.com\/it\/francescana-at-maria-luigia\/\">Francescana at Maria Luigia<\/a>.\n<\/p>\n            <\/div>\n          \n        <\/div>\n        \n            \n          <div class=\"bottura-accordion-container\">\n          \n          <label class=\"bottura-accordion bottura-accordion-titolo has-paragrafo-font-size\"> Posso regalare una GIFT CARD?<\/label>\n            <div class=\"bottura-accordion-panel\">\n              <p class=\"has-paragrafo-font-size\">Certamente! Vi preghiamo di visitare la <a href=\"https:\/\/www.covermanager.com\/eco\/buy_products\/restaurante-osteriafrancescana\/italian?source=button-motor-web\">sezione GIFT<\/a> sul nostro sito\n<b>La validit\u00e0 del Voucher \u00e8 di 1 anno dal momento dell&#8217;acquisto<\/b>\n<b>Procedura per riscattare il Voucher:<\/b>\n1. Accedi al nostro sito web nella sezione Prenota.\n2. Nella sezione &#8216;Prenota&#8217;, seleziona giorno, ora, e numero di persone.\n3. Compila i tuoi dati di contatto e clicca su &#8216;Hai un codice da riscattare?&#8217; e inserisci il tuo codice\n<\/p>\n            <\/div>\n          \n        <\/div>\n        \n            \n          <div class=\"bottura-accordion-container\">\n          \n          <label class=\"bottura-accordion bottura-accordion-titolo has-paragrafo-font-size\">Qual \u00e8 la policy di modifica e cancellazione?<\/label>\n            <div class=\"bottura-accordion-panel\">\n              <p class=\"has-paragrafo-font-size\">La cancellazione \u00e8 permessa fino a 96 ore prima della data richiesta senza alcun addebito.<br \/>\n<strong>In caso di no-show a prenotazione confermata, di cancellazione in ritardo o modifiche a meno di una settimana dalla visita, saranno addebitati 300\u20ac per coperto.<\/strong>\n<\/p>\n            <\/div>\n          \n        <\/div>\n        \n            \n          <div class=\"bottura-accordion-container\">\n          \n          <label class=\"bottura-accordion bottura-accordion-titolo has-paragrafo-font-size\">Accettate prenotazioni conto terzi?<\/label>\n            <div class=\"bottura-accordion-panel\">\n              <p class=\"has-paragrafo-font-size\">Accettiamo prenotazioni per conto terzi solo nel momento in cui vengano comunicati i dettagli di contatto dell\u2019ospite principale (nome completo, numero telefonico, indirizzo email)\n<strong>In caso di mancata comunicazione di essi, la prenotazione verr\u00e0 cancellata automaticamente.<\/strong>\n<span class=\"editor-wysiwyg-spazio\"><\/span>\n<\/p>\n            <\/div>\n          \n        <\/div>\n        \n            \n          <div class=\"bottura-accordion-container\">\n          \n          <label class=\"bottura-accordion bottura-accordion-titolo has-paragrafo-font-size\">Qual \u00e8 il parcheggio pi\u00f9 vicino?<\/label>\n            <div class=\"bottura-accordion-panel\">\n              <p class=\"has-paragrafo-font-size\">Osteria Francescana si trova in\u00a0<a href=\"https:\/\/www.google.it\/maps\/place\/Osteria+Francescana\/@44.6448264,10.9193789,17z\/data=!3m1!4b1!4m5!3m4!1s0x477fef12d42cf17f:0x19607398f8f8e95d!8m2!3d44.6448264!4d10.9215729\" target=\"_blank\" rel=\"noopener noreferrer\">Modena, via Stella 22<\/a>\nCome raggiungere il ristorante:\n<strong>-In Auto:\u00a0<\/strong>L\u2019Osteria Francescana si trova in Zona a Traffico Limitato (ZTL), pertanto se non si \u00e8 in possesso di un\u2019autorizzazione, l\u2019ingresso e la sosta all\u2019interno della ZTL saranno soggetti a sanzione amministrativa. Il parcheggio su strada pi\u00f9 vicino si trova in\u00a0<a href=\"https:\/\/www.google.it\/maps\/place\/Viale+Vittorio+Veneto,+59,+41124+Modena+MO\/@44.6449938,10.917726,17z\/data=!3m1!4b1!4m5!3m4!1s0x477fef12b15f1263:0x423f648e9f3505e6!8m2!3d44.64499!4d10.91992\" target=\"_blank\" rel=\"noopener noreferrer\">viale\u00a0Vittorio Veneto<\/a>.\u00a0\u00a0All\u2019altezza del numero civico 59 \u00e8 presente una galleria che in pochi minuti porta al nostro ristorante. Sconsigliamo di lasciare oggetti di valore e bagaglio in automobile, poich\u00e9 si tratta di un parcheggio non custodito. Se si preferisce un parcheggio sorvegliato, suggeriamo il\u00a0<a href=\"https:\/\/www.google.it\/maps\/place\/Parcheggio+del+Centro\/@44.6510017,10.9202697,17z\/data=!3m1!4b1!4m5!3m4!1s0x477fef11c8faf0e9:0x18f9f9ac797c5b6f!8m2!3d44.6509979!4d10.9224637\" target=\"_blank\" rel=\"noopener noreferrer\">parcheggio del centro<\/a>.\n<\/p>\n            <\/div>\n          \n        <\/div>\n        \n            \n          <div class=\"bottura-accordion-container\">\n          \n          <label class=\"bottura-accordion bottura-accordion-titolo has-paragrafo-font-size\">Quali sono i men\u00f9 offerti?<\/label>\n            <div class=\"bottura-accordion-panel\">\n              <p class=\"has-paragrafo-font-size\">\u00c8 possibile scegliere fra un menu degustazione o piatti dal menu alla carta, consultabile al seguente\u00a0<a href=\"https:\/\/osteriafrancescana.it\/it\/menu\/\">link<\/a>.\nLa scelta del menu degustazione \u00e8 gentilmente richiesta per l\u2019intero tavolo.\nIn caso di tavoli con cinque o pi\u00f9 commensali, la scelta del men\u00f9 degustazione \u00e8 richiesta.\n<\/p>\n            <\/div>\n          \n        <\/div>\n        \n            \n          <div class=\"bottura-accordion-container\">\n          \n          <label class=\"bottura-accordion bottura-accordion-titolo has-paragrafo-font-size\">Quanto dura un pranzo o una cena in Osteria Francescana?<\/label>\n            <div class=\"bottura-accordion-panel\">\n              <p class=\"has-paragrafo-font-size\">Dall\u2019arrivo in ristorante l\u2019esperienza ha una durata di circa tre ore, ma pu\u00f2 variare in base alle scelte effettuate.\n<\/p>\n            <\/div>\n          \n        <\/div>\n        \n            \n          <div class=\"bottura-accordion-container\">\n          \n          <label class=\"bottura-accordion bottura-accordion-titolo has-paragrafo-font-size\">Quali carte di credito accettate?<\/label>\n            <div class=\"bottura-accordion-panel\">\n              <p class=\"has-paragrafo-font-size\">Sono accettate le carte di credito dei circuiti VISA, Mastercard e American Express.\n<\/p>\n            <\/div>\n          \n        <\/div>\n        \n            \n          <div class=\"bottura-accordion-container\">\n          \n          <label class=\"bottura-accordion bottura-accordion-titolo has-paragrafo-font-size\">\u00c8 richiesto un dress code?<\/label>\n            <div class=\"bottura-accordion-panel\">\n              <p class=\"has-paragrafo-font-size\">No, un abbigliamento smart casual sar\u00e0 perfetto per la vostra visita.\n<\/p>\n            <\/div>\n          \n        <\/div>\n        \n            \n          <div class=\"bottura-accordion-container\">\n          \n          <label class=\"bottura-accordion bottura-accordion-titolo has-paragrafo-font-size\">E&#8217; possibile portare i bambini?<\/label>\n            <div class=\"bottura-accordion-panel\">\n              <p class=\"has-paragrafo-font-size\">Accogliamo i nostri ospiti a partire dai 12 anni d\u2019et\u00e0.\n<\/p>\n            <\/div>\n          \n        <\/div>\n        \n            \n          <div class=\"bottura-accordion-container\">\n          \n          <label class=\"bottura-accordion bottura-accordion-titolo has-paragrafo-font-size\">\u00c8 possibile adattare il menu degustazione in base ad allergie e restrizioni alimentari?<\/label>\n            <div class=\"bottura-accordion-panel\">\n              <p class=\"has-paragrafo-font-size\">S\u00ec, il nostro team di cucina adatter\u00e0 il menu o i piatti \u00e0 la carte per eventuali allergie, intolleranze o preferenze alimentari.\nChiediamo gentilmente una segnalazione almeno tre giorni prima della prenotazione.\n<\/p>\n            <\/div>\n          \n        <\/div>\n        \n    \n\n\n\n\n\n\n\n\n\n\n<div style=\"height:60px\" aria-hidden=\"true\" class=\"wp-block-spacer\"><\/div>\n\n\n\n<p class=\"has-paragrafo-font-size\">Per qualsiasi altra richiesta contattare il ristorante allo&nbsp;<a href=\"tel:+39059223912\" target=\"_blank\" rel=\"noreferrer noopener\"><span style=\"text-decoration: underline;\">059223912<\/span><\/a>, tutti i giorni dalle 10:00 alle 19:00. Nel caso in cui nessuno risponda inviare un&#8217;email a <a href=\"mailto:reserve@osteriafrancescana.it\"><span style=\"text-decoration: underline;\">reserve@osteriafrancescana.it<\/span><\/a> e verrete ricontattati appena possibile.<\/p>\n\n\n\n<div style=\"height:60px\" aria-hidden=\"true\" class=\"wp-block-spacer\"><\/div>\n<\/div>\n<\/div>\n\n\n\n<div class=\"wp-block-column is-layout-flow wp-block-column-is-layout-flow\" style=\"flex-basis:10%\"><\/div>\n<\/div>\n","protected":false},"excerpt":{"rendered":"<p>Per qualsiasi altra richiesta contattare il ristorante allo&nbsp;059223912, tutti i giorni dalle 10:00 alle 19:00. Nel caso in cui nessuno risponda inviare un&#8217;email a reserve@osteriafrancescana.it e verrete ricontattati appena possibile.<\/p>\n","protected":false},"author":1,"featured_media":0,"parent":0,"menu_order":0,"comment_status":"closed","ping_status":"closed","template":"","meta":{"_acf_changed":false,"footnotes":""},"class_list":["post-1269","page","type-page","status-publish","hentry"],"acf":[],"yoast_head":"<!-- This site is optimized with the Yoast SEO plugin v27.4 - https:\/\/yoast.com\/product\/yoast-seo-wordpress\/ -->\n<title>Faq - OSTERIA FRANCESCANA<\/title>\n<meta name=\"robots\" content=\"index, follow, max-snippet:-1, max-image-preview:large, max-video-preview:-1\" \/>\n<link rel=\"canonical\" href=\"https:\/\/osteriafrancescana.it\/it\/faq\/\" \/>\n<meta property=\"og:locale\" content=\"it_IT\" \/>\n<meta property=\"og:type\" content=\"article\" \/>\n<meta property=\"og:title\" content=\"Faq - OSTERIA FRANCESCANA\" \/>\n<meta property=\"og:description\" content=\"Per qualsiasi altra richiesta contattare il ristorante allo&nbsp;059223912, tutti i giorni dalle 10:00 alle 19:00. Nel caso in cui nessuno risponda inviare un&#8217;email a reserve@osteriafrancescana.it e verrete ricontattati appena possibile.\" \/>\n<meta property=\"og:url\" content=\"https:\/\/osteriafrancescana.it\/it\/faq\/\" \/>\n<meta property=\"og:site_name\" content=\"OSTERIA FRANCESCANA\" \/>\n<meta property=\"article:publisher\" content=\"https:\/\/www.facebook.com\/FrancescanaFamily\" \/>\n<meta property=\"article:modified_time\" content=\"2026-03-05T11:13:56+00:00\" \/>\n<meta property=\"og:image\" content=\"https:\/\/osteriafrancescana.it\/wp-content\/uploads\/2023\/12\/osteria-francescana-site-image.jpg\" \/>\n\t<meta property=\"og:image:width\" content=\"1200\" \/>\n\t<meta property=\"og:image:height\" content=\"675\" \/>\n\t<meta property=\"og:image:type\" content=\"image\/jpeg\" \/>\n<meta name=\"twitter:card\" content=\"summary_large_image\" \/>\n<meta name=\"twitter:label1\" content=\"Tempo di lettura stimato\" \/>\n\t<meta name=\"twitter:data1\" content=\"1 minuto\" \/>\n<script type=\"application\/ld+json\" class=\"yoast-schema-graph\">{\"@context\":\"https:\\\/\\\/schema.org\",\"@graph\":[{\"@type\":\"WebPage\",\"@id\":\"https:\\\/\\\/osteriafrancescana.it\\\/it\\\/faq\\\/\",\"url\":\"https:\\\/\\\/osteriafrancescana.it\\\/it\\\/faq\\\/\",\"name\":\"Faq - OSTERIA FRANCESCANA\",\"isPartOf\":{\"@id\":\"https:\\\/\\\/osteriafrancescana.it\\\/#website\"},\"datePublished\":\"2023-01-19T10:41:01+00:00\",\"dateModified\":\"2026-03-05T11:13:56+00:00\",\"breadcrumb\":{\"@id\":\"https:\\\/\\\/osteriafrancescana.it\\\/it\\\/faq\\\/#breadcrumb\"},\"inLanguage\":\"it-IT\",\"potentialAction\":[{\"@type\":\"ReadAction\",\"target\":[\"https:\\\/\\\/osteriafrancescana.it\\\/it\\\/faq\\\/\"]}]},{\"@type\":\"BreadcrumbList\",\"@id\":\"https:\\\/\\\/osteriafrancescana.it\\\/it\\\/faq\\\/#breadcrumb\",\"itemListElement\":[{\"@type\":\"ListItem\",\"position\":1,\"name\":\"Home\",\"item\":\"https:\\\/\\\/osteriafrancescana.it\\\/it\\\/home\\\/\"},{\"@type\":\"ListItem\",\"position\":2,\"name\":\"Faq\"}]},{\"@type\":\"WebSite\",\"@id\":\"https:\\\/\\\/osteriafrancescana.it\\\/#website\",\"url\":\"https:\\\/\\\/osteriafrancescana.it\\\/\",\"name\":\"OSTERIA FRANCESCANA\",\"description\":\"Massimo Bottura\",\"publisher\":{\"@id\":\"https:\\\/\\\/osteriafrancescana.it\\\/#organization\"},\"potentialAction\":[{\"@type\":\"SearchAction\",\"target\":{\"@type\":\"EntryPoint\",\"urlTemplate\":\"https:\\\/\\\/osteriafrancescana.it\\\/?s={search_term_string}\"},\"query-input\":{\"@type\":\"PropertyValueSpecification\",\"valueRequired\":true,\"valueName\":\"search_term_string\"}}],\"inLanguage\":\"it-IT\"},{\"@type\":\"Organization\",\"@id\":\"https:\\\/\\\/osteriafrancescana.it\\\/#organization\",\"name\":\"Osteria Francescana\",\"alternateName\":\"Osteria Francescana\",\"url\":\"https:\\\/\\\/osteriafrancescana.it\\\/\",\"logo\":{\"@type\":\"ImageObject\",\"inLanguage\":\"it-IT\",\"@id\":\"https:\\\/\\\/osteriafrancescana.it\\\/#\\\/schema\\\/logo\\\/image\\\/\",\"url\":\"https:\\\/\\\/osteriafrancescana.it\\\/wp-content\\\/uploads\\\/2023\\\/07\\\/osteria-francescana-logo-chiaro.svg\",\"contentUrl\":\"https:\\\/\\\/osteriafrancescana.it\\\/wp-content\\\/uploads\\\/2023\\\/07\\\/osteria-francescana-logo-chiaro.svg\",\"width\":675,\"height\":72,\"caption\":\"Osteria Francescana\"},\"image\":{\"@id\":\"https:\\\/\\\/osteriafrancescana.it\\\/#\\\/schema\\\/logo\\\/image\\\/\"},\"sameAs\":[\"https:\\\/\\\/www.facebook.com\\\/FrancescanaFamily\",\"https:\\\/\\\/www.instagram.com\\\/massimobottura\\\/\"]}]}<\/script>\n<!-- \/ Yoast SEO plugin. -->","yoast_head_json":{"title":"Faq - OSTERIA FRANCESCANA","robots":{"index":"index","follow":"follow","max-snippet":"max-snippet:-1","max-image-preview":"max-image-preview:large","max-video-preview":"max-video-preview:-1"},"canonical":"https:\/\/osteriafrancescana.it\/it\/faq\/","og_locale":"it_IT","og_type":"article","og_title":"Faq - OSTERIA FRANCESCANA","og_description":"Per qualsiasi altra richiesta contattare il ristorante allo&nbsp;059223912, tutti i giorni dalle 10:00 alle 19:00. Nel caso in cui nessuno risponda inviare un&#8217;email a reserve@osteriafrancescana.it e verrete ricontattati appena possibile.","og_url":"https:\/\/osteriafrancescana.it\/it\/faq\/","og_site_name":"OSTERIA FRANCESCANA","article_publisher":"https:\/\/www.facebook.com\/FrancescanaFamily","article_modified_time":"2026-03-05T11:13:56+00:00","og_image":[{"width":1200,"height":675,"url":"https:\/\/osteriafrancescana.it\/wp-content\/uploads\/2023\/12\/osteria-francescana-site-image.jpg","type":"image\/jpeg"}],"twitter_card":"summary_large_image","twitter_misc":{"Tempo di lettura stimato":"1 minuto"},"schema":{"@context":"https:\/\/schema.org","@graph":[{"@type":"WebPage","@id":"https:\/\/osteriafrancescana.it\/it\/faq\/","url":"https:\/\/osteriafrancescana.it\/it\/faq\/","name":"Faq - OSTERIA FRANCESCANA","isPartOf":{"@id":"https:\/\/osteriafrancescana.it\/#website"},"datePublished":"2023-01-19T10:41:01+00:00","dateModified":"2026-03-05T11:13:56+00:00","breadcrumb":{"@id":"https:\/\/osteriafrancescana.it\/it\/faq\/#breadcrumb"},"inLanguage":"it-IT","potentialAction":[{"@type":"ReadAction","target":["https:\/\/osteriafrancescana.it\/it\/faq\/"]}]},{"@type":"BreadcrumbList","@id":"https:\/\/osteriafrancescana.it\/it\/faq\/#breadcrumb","itemListElement":[{"@type":"ListItem","position":1,"name":"Home","item":"https:\/\/osteriafrancescana.it\/it\/home\/"},{"@type":"ListItem","position":2,"name":"Faq"}]},{"@type":"WebSite","@id":"https:\/\/osteriafrancescana.it\/#website","url":"https:\/\/osteriafrancescana.it\/","name":"OSTERIA FRANCESCANA","description":"Massimo Bottura","publisher":{"@id":"https:\/\/osteriafrancescana.it\/#organization"},"potentialAction":[{"@type":"SearchAction","target":{"@type":"EntryPoint","urlTemplate":"https:\/\/osteriafrancescana.it\/?s={search_term_string}"},"query-input":{"@type":"PropertyValueSpecification","valueRequired":true,"valueName":"search_term_string"}}],"inLanguage":"it-IT"},{"@type":"Organization","@id":"https:\/\/osteriafrancescana.it\/#organization","name":"Osteria Francescana","alternateName":"Osteria Francescana","url":"https:\/\/osteriafrancescana.it\/","logo":{"@type":"ImageObject","inLanguage":"it-IT","@id":"https:\/\/osteriafrancescana.it\/#\/schema\/logo\/image\/","url":"https:\/\/osteriafrancescana.it\/wp-content\/uploads\/2023\/07\/osteria-francescana-logo-chiaro.svg","contentUrl":"https:\/\/osteriafrancescana.it\/wp-content\/uploads\/2023\/07\/osteria-francescana-logo-chiaro.svg","width":675,"height":72,"caption":"Osteria Francescana"},"image":{"@id":"https:\/\/osteriafrancescana.it\/#\/schema\/logo\/image\/"},"sameAs":["https:\/\/www.facebook.com\/FrancescanaFamily","https:\/\/www.instagram.com\/massimobottura\/"]}]}},"_links":{"self":[{"href":"https:\/\/osteriafrancescana.it\/it\/wp-json\/wp\/v2\/pages\/1269","targetHints":{"allow":["GET"]}}],"collection":[{"href":"https:\/\/osteriafrancescana.it\/it\/wp-json\/wp\/v2\/pages"}],"about":[{"href":"https:\/\/osteriafrancescana.it\/it\/wp-json\/wp\/v2\/types\/page"}],"author":[{"embeddable":true,"href":"https:\/\/osteriafrancescana.it\/it\/wp-json\/wp\/v2\/users\/1"}],"replies":[{"embeddable":true,"href":"https:\/\/osteriafrancescana.it\/it\/wp-json\/wp\/v2\/comments?post=1269"}],"version-history":[{"count":38,"href":"https:\/\/osteriafrancescana.it\/it\/wp-json\/wp\/v2\/pages\/1269\/revisions"}],"predecessor-version":[{"id":7186,"href":"https:\/\/osteriafrancescana.it\/it\/wp-json\/wp\/v2\/pages\/1269\/revisions\/7186"}],"wp:attachment":[{"href":"https:\/\/osteriafrancescana.it\/it\/wp-json\/wp\/v2\/media?parent=1269"}],"curies":[{"name":"wp","href":"https:\/\/api.w.org\/{rel}","templated":true}]}}